{"id":16,"date":"2025-01-17T08:09:35","date_gmt":"2025-01-17T08:09:35","guid":{"rendered":"https:\/\/epicmotorides.com\/?page_id=16"},"modified":"2025-04-02T22:57:49","modified_gmt":"2025-04-02T22:57:49","slug":"refund_returns","status":"publish","type":"page","link":"https:\/\/epicmotorides.com\/es\/refund_returns\/","title":{"rendered":"Pol\u00edticas de Devoluci\u00f3n"},"content":{"rendered":"<div data-elementor-type=\"wp-page\" data-elementor-id=\"16\" class=\"elementor elementor-16\" data-elementor-post-type=\"page\">\n\t\t\t\t<div class=\"elementor-element elementor-element-69a1643f e-con-full e-flex e-con e-parent\" data-id=\"69a1643f\" data-element_type=\"container\" data-e-type=\"container\">\n\t\t\t\t<div class=\"elementor-element elementor-element-7ccb22d elementor-widget elementor-widget-heading\" data-id=\"7ccb22d\" data-element_type=\"widget\" data-e-type=\"widget\" data-widget_type=\"heading.default\">\n\t\t\t\t<div class=\"elementor-widget-container\">\n\t\t\t\t\t<h2 class=\"elementor-heading-title elementor-size-default\">Pol\u00edticas de Devoluci\u00f3n<\/h2>\t\t\t\t<\/div>\n\t\t\t\t<\/div>\n\t\t\t\t<div class=\"elementor-element elementor-element-1f940db9 elementor-widget elementor-widget-text-editor\" data-id=\"1f940db9\" data-element_type=\"widget\" data-e-type=\"widget\" data-widget_type=\"text-editor.default\">\n\t\t\t\t<div class=\"elementor-widget-container\">\n\t\t\t\t\t\t\t\t\t\n<p>Nuestra pol\u00edtica de devoluciones y reembolsos tiene una duraci\u00f3n de 30 d\u00edas. Si han pasado 30 d\u00edas desde tu compra, no podemos ofrecerte un reembolso completo o un cambio.<\/p>\n\n<p>Para ser elegible para una devoluci\u00f3n, tu art\u00edculo debe estar sin usar y en las mismas condiciones en las que lo recibiste. Tambi\u00e9n debe estar en su empaque original.<\/p>\n\n<p>Varios tipos de productos est\u00e1n exentos de ser devueltos. Los bienes perecederos como alimentos, flores, peri\u00f3dicos o revistas no se pueden devolver. Tampoco aceptamos productos que sean bienes \u00edntimos o sanitarios, materiales peligrosos, o l\u00edquidos o gases inflamables.<\/p>\n\n<p>Art\u00edculos adicionales que no se pueden devolver:<\/p>\n\n<ul class=\"wp-block-list\">\n<li>Tarjeta de Regalo<\/li>\n\n<li>Algunos art\u00edculos de salud y cuidado personal<\/li>\n<\/ul>\n\n<p>Para completar su devoluci\u00f3n, necesitamos un recibo o comprobante de compra.<\/p>\n\n<p>Por favor, no env\u00edes tu compra de regreso al fabricante.<\/p>\n\n<p>Existen ciertas situaciones en las que solo se conceden reembolsos parciales:<\/p>\n\n<p>\u00a0<\/p>\n<ul class=\"wp-block-list\"><\/ul>\n\n<h2 class=\"wp-block-heading\">Devoluciones<\/h2>\n\n<p>Once your return is received and inspected, we will send you an email to notify you that we have received your returned item. We will also notify you of the approval or rejection of your refund.<\/p>\n\n<p>If you are approved, then your refund will be processed, and a credit will automatically be applied to your credit card or original method of payment, within a certain amount of days.<\/p>\n<p>\u00a0<\/p>\n\n<h3 class=\"wp-block-heading\">Late or missing refunds<\/h3>\n\n<p>If you haven\u2019t received a refund yet, first check your bank account again.<\/p>\n\n<p>Then contact your credit card company, it may take some time before your refund is officially posted.<\/p>\n\n<p>Next contact your bank. There is often some processing time before a refund is posted.<\/p>\n\n<p>If you\u2019ve done all of this and you still have not received your refund yet, please contact us at {email address}.<\/p>\n<p>\u00a0<\/p>\n\n<h3 class=\"wp-block-heading\">Sale items<\/h3>\n\n<p>Only regular priced items may be refunded. Sale items cannot be refunded.<\/p>\n<p>\u00a0<\/p>\n\n<h2 class=\"wp-block-heading\">Exchanges<\/h2>\n\n<p>We only replace items if they are defective or damaged. If you need to exchange it for the same item, send us an email at {email address} and send your item to: {physical address}.<\/p>\n<p>\u00a0<\/p>\n\n<h2 class=\"wp-block-heading\">Gifts<\/h2>\n\n<p>If the item was marked as a gift when purchased and shipped directly to you, you\u2019ll receive a gift credit for the value of your return. Once the returned item is received, a gift certificate will be mailed to you.<\/p>\n\n<p>If the item wasn\u2019t marked as a gift when purchased, or the gift giver had the order shipped to themselves to give to you later, we will send a refund to the gift giver and they will find out about your return.<\/p>\n<p>\u00a0<\/p>\n\n<h2 class=\"wp-block-heading\">Shipping returns<\/h2>\n\n<p>To return your product, you should mail your product to: {physical address}.<\/p>\n\n<p>You will be responsible for paying for your own shipping costs for returning your item. Shipping costs are non-refundable. If you receive a refund, the cost of return shipping will be deducted from your refund.<\/p>\n\n<p>Depending on where you live, the time it may take for your exchanged product to reach you may vary.<\/p>\n\n<p>If you are returning more expensive items, you may consider using a trackable shipping service or purchasing shipping insurance. We don\u2019t guarantee that we will receive your returned item.<\/p>\n<p>\u00a0<\/p>\n\n<h2 class=\"wp-block-heading\">Need help?<\/h2>\n\n<p>Contact us at {email} for questions related to refunds and returns.<\/p>\n\n<p>\u00a0<\/p>\n\t\t\t\t\t\t\t\t<\/div>\n\t\t\t\t<\/div>\n\t\t\t\t<\/div>\n\t\t\t\t<\/div>","protected":false},"excerpt":{"rendered":"<p>Pol\u00edticas de Devoluci\u00f3n Nuestra pol\u00edtica de devoluciones y reembolsos tiene una duraci\u00f3n de 30 d\u00edas. Si han pasado 30 d\u00edas desde tu compra, no podemos ofrecerte un reembolso completo o un cambio. Para ser elegible para una devoluci\u00f3n, tu art\u00edculo debe estar sin usar y en las mismas condiciones en las que lo recibiste. Tambi\u00e9n [&hellip;]<\/p>\n","protected":false},"author":1,"featured_media":0,"parent":0,"menu_order":0,"comment_status":"closed","ping_status":"closed","template":"","meta":{"_acf_changed":false,"footnotes":""},"class_list":["post-16","page","type-page","status-publish","hentry"],"acf":[],"jetpack_sharing_enabled":true,"_links":{"self":[{"href":"https:\/\/epicmotorides.com\/es\/wp-json\/wp\/v2\/pages\/16","targetHints":{"allow":["GET"]}}],"collection":[{"href":"https:\/\/epicmotorides.com\/es\/wp-json\/wp\/v2\/pages"}],"about":[{"href":"https:\/\/epicmotorides.com\/es\/wp-json\/wp\/v2\/types\/page"}],"author":[{"embeddable":true,"href":"https:\/\/epicmotorides.com\/es\/wp-json\/wp\/v2\/users\/1"}],"replies":[{"embeddable":true,"href":"https:\/\/epicmotorides.com\/es\/wp-json\/wp\/v2\/comments?post=16"}],"version-history":[{"count":0,"href":"https:\/\/epicmotorides.com\/es\/wp-json\/wp\/v2\/pages\/16\/revisions"}],"wp:attachment":[{"href":"https:\/\/epicmotorides.com\/es\/wp-json\/wp\/v2\/media?parent=16"}],"curies":[{"name":"wp","href":"https:\/\/api.w.org\/{rel}","templated":true}]}}