{"id":832,"date":"2025-01-10T05:42:48","date_gmt":"2025-01-10T05:42:48","guid":{"rendered":"https:\/\/epicmotorides.com\/?post_type=product&#038;p=832"},"modified":"2026-02-18T22:18:09","modified_gmt":"2026-02-18T22:18:09","slug":"paracas-desert-discovery","status":"publish","type":"product","link":"https:\/\/epicmotorides.com\/es\/product\/paracas-desert-discovery\/","title":{"rendered":"Paracas Desert Discovery"},"content":{"rendered":"<p><b>ITINERARIO<\/b><\/p>\n<p><strong>D\u00eda 0 \/ 0 kms<br \/>\n<\/strong><span style=\"font-weight: 400;\">Vuele, haga el relevo y conozca a su gu\u00eda y grupo. Por la tarde, tendremos una sesi\u00f3n informativa completa, que incluye consejos de seguridad y conducci\u00f3n, y un resumen completo de la ruta.<\/span><\/p>\n<p><strong>D\u00eda 1 \/ 200 kms<br \/>\n<\/strong><span style=\"font-weight: 400;\">Emb\u00e1rcate en tu aventura desde Lima, explorando la pintoresca Laguna de Mor\u00f3n y la impresionante Reserva Nacional de Paracas. Sum\u00e9rgete en la biodiversidad \u00fanica de la zona y d\u00e9jate cautivar por la belleza natural que te rodea.<\/span><\/p>\n<p><strong>D\u00eda 2 \/ 20 kms<br \/>\n<\/strong><span style=\"font-weight: 400;\">Descubre las Islas Ballestas en un emocionante recorrido marino y luego rel\u00e1jate en el fascinante oasis de Huacachina. Disfruta de una tarde de diversi\u00f3n en el desierto, ya sea practicando sandboarding o simplemente relaj\u00e1ndote en las dunas. Te espera una noche m\u00e1gica en este rinc\u00f3n \u00fanico.<\/span><\/p>\n<p><strong>D\u00eda 3 \/ 100 kms<br \/>\n<\/strong><span style=\"font-weight: 400;\">Una experiencia inolvidable explorando el Ca\u00f1\u00f3n de los Perdidos. Descubre paisajes impresionantes y formaciones rocosas asombrosas mientras te adentras en la historia natural de la regi\u00f3n. Un d\u00eda lleno de asombro y aventura.<\/span><\/p>\n<p><strong>D\u00eda 4 \/ 150 kms<br \/>\n<\/strong><span style=\"font-weight: 400;\">Desde Huacachina, nos dirigimos a la hist\u00f3rica Hacienda San Jos\u00e9 en Chincha. Sum\u00e9rgete en el rico patrimonio cultural de esta hacienda, donde la historia y la hospitalidad se entrelazan. Disfruta de la arquitectura colonial y dele\u00edtate con la gastronom\u00eda local.<\/span><\/p>\n<p><strong>D\u00eda 5 \/ 200 kms<br \/>\n<\/strong><span style=\"font-weight: 400;\">El viaje culmina con el regreso a Lima, llev\u00e1ndose consigo recuerdos inolvidables de una experiencia llena de descubrimientos y emociones. Reviva los momentos \u00fanicos de este viaje mientras nos despedimos, prometi\u00e9ndoles futuras aventuras.<\/span><\/p>\n<p>&nbsp;<\/p>\n<p><b>INCLUYE<\/b><\/p>\n<ul>\n<li><span style=\"font-weight: 400;\">Recorrido guiado por los mejores paisajes de la costa del Pac\u00edfico elaborado con conocimiento cultural e hist\u00f3rico a lo largo de m\u00e1s de 650 km en 5 d\u00edas.<\/span><\/li>\n<li><span style=\"font-weight: 400;\">Soporte pr\u00e1ctico, lo ayudaremos en cada detalle de su plan de viaje con tripulaci\u00f3n local experimentada, habilidades ling\u00fc\u00edsticas, primeros auxilios y habilidades de reparaci\u00f3n de motocicletas.<\/span><\/li>\n<li><span style=\"font-weight: 400;\">Traslado aeropuerto\/hotel y hotel a su llegada.<\/span><\/li>\n<li><span style=\"font-weight: 400;\">Un viaje verdaderamente todo incluido; desayuno, almuerzo y comidas est\u00e1n incluidas.<\/span><\/li>\n<li><span style=\"font-weight: 400;\">Snacks diarios\u00a0<\/span><\/li>\n<li><span style=\"font-weight: 400;\">Alquiler de Royal Enfield Himalayan con seguro obligatorio del veh\u00edculo<\/span><\/li>\n<li>Fuel is included only if the customer does not have their own motorcycle.<\/li>\n<li><span style=\"font-weight: 400;\">Cami\u00f3n mec\u00e1nico para el improbable caso de aver\u00eda, que tambi\u00e9n transportar\u00e1 su equipaje\u00a0<\/span><\/li>\n<li><span style=\"font-weight: 400;\">Alojamiento de cinco d\u00edas en hoteles andinos est\u00e1ndar y confort, aptos para ciclistas.<\/span><\/li>\n<li><span style=\"font-weight: 400;\">Paquete de bienvenida que incluye camiseta de marca, farol y taza.<\/span><\/li>\n<\/ul>\n<p>&nbsp;<\/p>\n<p><b>NO INCLUYE<\/b><\/p>\n<ul>\n<li><span style=\"font-weight: 400;\">Pasajes a\u00e9reos a Lima<\/span><\/li>\n<li><span style=\"font-weight: 400;\">Seguro M\u00e9dico<\/span><\/li>\n<li><span style=\"font-weight: 400;\">Bebidas Alcoh\u00f3licas<\/span><\/li>\n<li><span style=\"font-weight: 400;\">Cualquier da\u00f1o a la motocicleta<\/span><\/li>\n<li><span style=\"font-weight: 400;\">Gastos personales<\/span><\/li>\n<li><span style=\"font-weight: 400;\">Propinas<\/span><\/li>\n<li><span style=\"font-weight: 400;\">Cualquier alimento no incluido en el servicio<\/span><\/li>\n<li><span style=\"font-weight: 400;\">Equipo perosonal para conducir motocicleta como botas, casco, chaqueta, guantes o pantalones.<\/span><\/li>\n<\/ul>","protected":false},"excerpt":{"rendered":"<p><span style=\"font-weight: 400;\">Un viaje cautivador por el desierto costero del Per\u00fa, comenzando en Lima y atravesando diversos paisajes y tesoros culturales. Desde la serena Laguna de Mor\u00f3n hasta las encantadoras Islas Ballestas y la hist\u00f3rica Hacienda San Jos\u00e9, nuestra ruta promete un sinf\u00edn de experiencias. Sum\u00e9rgete en las maravillas del desierto, donde cada d\u00eda te depara una nueva aventura, dej\u00e1ndote recuerdos imborrables de esta extraordinaria expedici\u00f3n.<\/span><\/p>","protected":false},"featured_media":838,"template":"","meta":{"_acf_changed":false},"product_brand":[],"product_cat":[29],"product_tag":[45,30],"class_list":{"0":"post-832","1":"product","2":"type-product","3":"status-publish","4":"has-post-thumbnail","6":"product_cat-adventure-rides","7":"product_tag-adventure","8":"product_tag-paracas","10":"first","11":"instock","12":"product-type-simple"},"acf":[],"jetpack_sharing_enabled":true,"_links":{"self":[{"href":"https:\/\/epicmotorides.com\/es\/wp-json\/wp\/v2\/product\/832","targetHints":{"allow":["GET"]}}],"collection":[{"href":"https:\/\/epicmotorides.com\/es\/wp-json\/wp\/v2\/product"}],"about":[{"href":"https:\/\/epicmotorides.com\/es\/wp-json\/wp\/v2\/types\/product"}],"wp:featuredmedia":[{"embeddable":true,"href":"https:\/\/epicmotorides.com\/es\/wp-json\/wp\/v2\/media\/838"}],"wp:attachment":[{"href":"https:\/\/epicmotorides.com\/es\/wp-json\/wp\/v2\/media?parent=832"}],"wp:term":[{"taxonomy":"product_brand","embeddable":true,"href":"https:\/\/epicmotorides.com\/es\/wp-json\/wp\/v2\/product_brand?post=832"},{"taxonomy":"product_cat","embeddable":true,"href":"https:\/\/epicmotorides.com\/es\/wp-json\/wp\/v2\/product_cat?post=832"},{"taxonomy":"product_tag","embeddable":true,"href":"https:\/\/epicmotorides.com\/es\/wp-json\/wp\/v2\/product_tag?post=832"}],"curies":[{"name":"wp","href":"https:\/\/api.w.org\/{rel}","templated":true}]}}