{"id":834,"date":"2025-01-10T05:42:48","date_gmt":"2025-01-10T05:42:48","guid":{"rendered":"https:\/\/epicmotorides.com\/?post_type=product&#038;p=834"},"modified":"2026-02-18T22:16:26","modified_gmt":"2026-02-18T22:16:26","slug":"cordillera-blanca-expedition","status":"publish","type":"product","link":"https:\/\/epicmotorides.com\/es\/product\/cordillera-blanca-expedition\/","title":{"rendered":"Cordillera Blanca Expedition"},"content":{"rendered":"<p><span style=\"font-weight: 400;\">Pero eso no es todo: prep\u00e1rate para descubrir los misterios de Chav\u00edn de Hu\u00e1ntar, una ciudad milenaria con historias grabadas en piedra. Conquista la legendaria Punta Ol\u00edmpica, el paso de monta\u00f1a vehicular m\u00e1s alto del mundo, y sum\u00e9rgete en la cultura de Chacas y Yungay.<\/span><\/p>\r\n<p><span style=\"font-weight: 400;\">Esta ruta no es solo un paseo; es una aventura llena de adrenalina a trav\u00e9s de paisajes que desaf\u00edan la imaginaci\u00f3n. As\u00ed que prep\u00e1rense y aceleren motores mientras recorremos caminos sinuosos y paisajes impresionantes.<\/span><\/p>\r\n<p>&nbsp;<\/p>\r\n<p><strong>ITINERARIO<\/strong><\/p>\r\n<p><strong>D\u00eda 0 \/ 0 KMS<\/strong><br \/><span style=\"font-weight: 400;\">Vuele, haga el relevo y conozca a su gu\u00eda y grupo. Por la tarde, tendremos una sesi\u00f3n informativa completa, que incluye consejos de seguridad y conducci\u00f3n, y un resumen completo de la ruta.<\/span><\/p>\r\n<p><strong>D\u00eda 1 \/ 428 KMS<\/strong><br \/><span style=\"font-weight: 400;\">Emb\u00e1rcate en un emocionante viaje desde la bulliciosa y ca\u00f3tica Lima hasta el encantador pueblo costero de Chimbote. Descubre el encanto costero de la des\u00e9rtica costa del Pac\u00edfico y del\u00e9itate con la deliciosa gastronom\u00eda local a tu llegada.<\/span><\/p>\r\n<p><strong>D\u00eda 2 \/ 182 KMS<\/strong><br \/><span style=\"font-weight: 400;\">Desde Chimbote, nos dirigiremos al cautivador Caraz a trav\u00e9s del m\u00edstico Ca\u00f1\u00f3n del Pato, un destino rodeado de majestuosas monta\u00f1as y paisajes de ensue\u00f1o. Sum\u00e9rgete en la cultura local, degusta exquisitos productos regionales y descubre la riqueza de esta joya escondida.<\/span><\/p>\r\n<p><strong>D\u00eda 3 \/ 112 KMS<\/strong><br \/><span style=\"font-weight: 400;\">\u00a1Bienvenidos a Chacas! Un d\u00eda lleno de historia, cultura y paisajes impresionantes. Exploren sus iglesias coloniales, marav\u00edllense con la arquitectura tradicional y sum\u00e9rjanse en la autenticidad de este pueblo andino peruano.<\/span><\/p>\r\n<p><strong>D\u00eda 4 \/ 110 KMS<\/strong><br \/><span style=\"font-weight: 400;\">From Chacas, we journey to the dazzling Huaraz, where the snow-capped peaks of the Andes will welcome you with open arms. Discover the natural beauty, unique architecture, and vibrant energy of this mountainous city.<\/span><\/p>\r\n<p><strong>D\u00eda 5 \/ 50 KMS<\/strong><br \/><span style=\"font-weight: 400;\">Explore the surroundings of Huaraz in a day full of adventures! Discover turquoise lakes, towering glaciers, and breathtaking landscapes. A day to connect with nature in its purest form.<\/span><\/p>\r\n<p><strong>D\u00eda 6 \/ 209 KMS<br \/><\/strong><span style=\"font-weight: 400;\">Desde Huaraz, nos dirigimos al m\u00edstico Chav\u00edn de Hu\u00e1ntar, un sitio arqueol\u00f3gico que te transportar\u00e1 a tiempos antiguos. Sum\u00e9rgete en la historia preincaica y regresa a Huaraz con recuerdos inolvidables.<\/span><\/p>\r\n<p><strong>D\u00eda 7 \/ 402 KMS<\/strong><br \/><span style=\"font-weight: 400;\">\u00a1El viaje llega a su fin! Regresamos a Lima con el coraz\u00f3n lleno de experiencias \u00fanicas. Recordaremos momentos inolvidables, compartiremos an\u00e9cdotas de viaje y nos despediremos de este viaje \u00e9pico con la promesa de regresar y explorar m\u00e1s maravillas de este hermoso pa\u00eds.<\/span><\/p>\r\n<p>&nbsp;<\/p>\r\n<p><strong>INCLUYE<\/strong><\/p>\r\n<ul>\r\n<li><span style=\"font-weight: 400;\">Recorrido guiado por los mejores paisajes de la regi\u00f3n de la Cordillera Blanca elaborado con conocimiento cultural e hist\u00f3rico a lo largo de m\u00e1s de 1400kms en 7 d\u00edas.<\/span><\/li>\r\n<li><span style=\"font-weight: 400;\">Soporte pr\u00e1ctico, lo ayudaremos en cada detalle de su plan de viaje con tripulaci\u00f3n local experimentada, habilidades ling\u00fc\u00edsticas, primeros auxilios y habilidades de reparaci\u00f3n de motocicletas.<\/span><\/li>\r\n<li><span style=\"font-weight: 400;\">Traslado aeropuerto\/hotel y hotel a su llegada.<\/span><\/li>\r\n<li><span style=\"font-weight: 400;\">Un viaje verdaderamente todo incluido; desayuno, almuerzo y comidas est\u00e1n incluidas.<\/span><\/li>\r\n<li><span style=\"font-weight: 400;\">Snacks diarios\u00a0<\/span><\/li>\r\n<li><span style=\"font-weight: 400;\">Botellas de Ox\u00edgeno<\/span><\/li>\r\n<li><span style=\"font-weight: 400;\">Vehicle enssurance<\/span><\/li>\r\n<li>Fuel is included only if the customer does not have their own motorcycle.<\/li>\r\n<li><span style=\"font-weight: 400;\">Cami\u00f3n mec\u00e1nico para el improbable caso de aver\u00eda, que tambi\u00e9n transportar\u00e1 su equipaje\u00a0<\/span><\/li>\r\n<li><span style=\"font-weight: 400;\">Alojamiento de siete d\u00edas en hoteles andinos est\u00e1ndar\/confort, aptos para ciclistas.<\/span><\/li>\r\n<li><span style=\"font-weight: 400;\">Paquete de bienvenida que incluye camiseta de marca, farolero y taza.<\/span><\/li>\r\n<\/ul>\r\n<p>&nbsp;<\/p>\r\n<p><strong>NO INCLUYE<\/strong><\/p>\r\n<ul>\r\n<li><span style=\"font-weight: 400;\">Pasajes a\u00e9reos a Lima<\/span><\/li>\r\n<li><span style=\"font-weight: 400;\">Seguro M\u00e9dico<\/span><\/li>\r\n<li><span style=\"font-weight: 400;\">Bebidas Alcoh\u00f3licas<\/span><\/li>\r\n<li><span style=\"font-weight: 400;\">Cualquier da\u00f1o a la motocicleta<\/span><\/li>\r\n<li><span style=\"font-weight: 400;\">Gastos personales<\/span><\/li>\r\n<li><span style=\"font-weight: 400;\">Propinas<\/span><\/li>\r\n<li><span style=\"font-weight: 400;\">Cualquier alimento no incluido en el servicio<\/span><\/li>\r\n<li><span style=\"font-weight: 400;\">Equipo perosonal para conducir motocicleta como botas, casco, chaqueta, guantes o pantalones.<\/span><\/li>\r\n<\/ul>","protected":false},"excerpt":{"rendered":"<p><span style=\"font-weight: 400;\">Abr\u00f3chate el cintur\u00f3n para la odisea en moto definitiva por la Cordillera Blanca, un viaje sin igual. Estar\u00e1s al volante mientras exploramos el Nevado Huascar\u00e1n, el pico m\u00e1s alto del Per\u00fa, y sus impresionantes glaciares y lagunas que parecen sacados de un sue\u00f1o.<\/span><\/p>","protected":false},"featured_media":844,"template":"","meta":{"_acf_changed":false},"product_brand":[],"product_cat":[29],"product_tag":[45,32],"class_list":{"0":"post-834","1":"product","2":"type-product","3":"status-publish","4":"has-post-thumbnail","6":"product_cat-adventure-rides","7":"product_tag-adventure","8":"product_tag-cordillera-blanca","10":"first","11":"instock","12":"taxable","13":"shipping-taxable","14":"product-type-simple"},"acf":[],"jetpack_sharing_enabled":true,"_links":{"self":[{"href":"https:\/\/epicmotorides.com\/es\/wp-json\/wp\/v2\/product\/834","targetHints":{"allow":["GET"]}}],"collection":[{"href":"https:\/\/epicmotorides.com\/es\/wp-json\/wp\/v2\/product"}],"about":[{"href":"https:\/\/epicmotorides.com\/es\/wp-json\/wp\/v2\/types\/product"}],"wp:featuredmedia":[{"embeddable":true,"href":"https:\/\/epicmotorides.com\/es\/wp-json\/wp\/v2\/media\/844"}],"wp:attachment":[{"href":"https:\/\/epicmotorides.com\/es\/wp-json\/wp\/v2\/media?parent=834"}],"wp:term":[{"taxonomy":"product_brand","embeddable":true,"href":"https:\/\/epicmotorides.com\/es\/wp-json\/wp\/v2\/product_brand?post=834"},{"taxonomy":"product_cat","embeddable":true,"href":"https:\/\/epicmotorides.com\/es\/wp-json\/wp\/v2\/product_cat?post=834"},{"taxonomy":"product_tag","embeddable":true,"href":"https:\/\/epicmotorides.com\/es\/wp-json\/wp\/v2\/product_tag?post=834"}],"curies":[{"name":"wp","href":"https:\/\/api.w.org\/{rel}","templated":true}]}}