{"id":836,"date":"2025-01-10T05:42:48","date_gmt":"2025-01-10T05:42:48","guid":{"rendered":"https:\/\/epicmotorides.com\/?post_type=product&#038;p=836"},"modified":"2026-02-18T21:15:27","modified_gmt":"2026-02-18T21:15:27","slug":"limas-ancient-legacy","status":"publish","type":"product","link":"https:\/\/epicmotorides.com\/es\/product\/limas-ancient-legacy\/","title":{"rendered":"Lima\u2019s Ancient Legacy"},"content":{"rendered":"<p><span style=\"font-weight: 400;\">Our journey takes us to the renowned Museo de Oro (Gold Museum), where gleaming treasures await your discovery. But that&#8217;s not all\u2014our grand finale awaits in the vibrant district of Miraflores. Picture this: a well-deserved coffee break at a typical local caf\u00e9, where the flavors of Peru mingle with the buzz of the city.<\/span><\/p>\n<p><span style=\"font-weight: 400;\">This urban adventure isn&#8217;t your average tour; it&#8217;s a thrilling ride through history and culture, a journey designed for adventure seekers and curious explorers. So, hop on your bike, and let&#8217;s rev up the excitement in Lima&#8217;s urban jungle!<\/span><\/p>\n<p><strong>ITINERARY<\/strong><\/p>\n<p><span style=\"font-weight: 400;\">Youl\u2019ll meet your guide and group, where we\u2019ll share a complete briefing, including riding and safety tips, and a full route overview.<\/span><\/p>\n<p><span style=\"font-weight: 400;\">During a 4-5hrs tour, we\u2019ll visit:<\/span><\/p>\n<ul>\n<li><span style=\"font-weight: 400;\">Museo de Oro in Santiago de Surco<\/span><\/li>\n<li><span style=\"font-weight: 400;\">Huaca Puccllana<\/span><\/li>\n<li><span style=\"font-weight: 400;\">Huaca Huallamarca<\/span><\/li>\n<li><span style=\"font-weight: 400;\">Huaca Santa Cruz<\/span><\/li>\n<li><span style=\"font-weight: 400;\">We\u2019ll finish this half-day tour with a coffee in one the many specialties coffee stores in Lima.<\/span><\/li>\n<\/ul>\n<p>&nbsp;<\/p>\n<div class=\"flex max-w-full flex-col flex-grow\">\n<div class=\"min-h-8 text-message flex w-full flex-col items-end gap-2 whitespace-normal break-words text-start [.text-message+&amp;]:mt-5\" dir=\"auto\" data-message-author-role=\"assistant\" data-message-id=\"bcbad1b6-d776-4855-841a-e0e6370406e0\" data-message-model-slug=\"gpt-4o\">\n<div class=\"flex w-full flex-col gap-1 empty:hidden first:pt-[3px]\">\n<div class=\"markdown prose w-full break-words dark:prose-invert dark\">\n<p><strong>WHAT&#8217;S INCLUDED<\/strong><\/p>\n<ul>\n<li><span style=\"font-weight: 400;\">Guided tour\u00a0<\/span><\/li>\n<li><span style=\"font-weight: 400;\">Hands-on support, we will help you in every detail of your travel plan with experienced local crew, language skills, first aid and motorcycle repair skills.<\/span><\/li>\n<li><span style=\"font-weight: 400;\">Royal Enfield Himalayan rental with mandatory vehicle assurance<\/span><\/li>\n<li>Fuel is included<\/li>\n<li><span style=\"font-weight: 400;\">Mechanical support for the unlikely event of a breakdown<\/span><\/li>\n<\/ul>\n<p>&nbsp;<\/p>\n<p><strong>WHAT&#8217;S NOT INCLUDED<\/strong><\/p>\n<ul>\n<li><span style=\"font-weight: 400;\">Air tickets to Lima<\/span><\/li>\n<li><span style=\"font-weight: 400;\">Airport\/hotel transfer and hotel<\/span><\/li>\n<li><span style=\"font-weight: 400;\">Medical insurance<\/span><\/li>\n<li><span style=\"font-weight: 400;\">Alcoholic beverages<\/span><\/li>\n<li><span style=\"font-weight: 400;\">Any cost for motorcycle damages<\/span><\/li>\n<li><span style=\"font-weight: 400;\">Personal expenses<\/span><\/li>\n<li><span style=\"font-weight: 400;\">Tips<\/span><\/li>\n<li><span style=\"font-weight: 400;\">Any food not included in the service<\/span><\/li>\n<li><span style=\"font-weight: 400;\">Motorcycle riding gear as boots, helmet, jacket, gloves or pants.<\/span><\/li>\n<\/ul>\n<\/div>\n<\/div>\n<\/div>\n<\/div>\n<div class=\"mb-2 flex gap-3 empty:hidden -ml-2\">\n<div class=\"items-center justify-start rounded-xl p-1 flex\">\n<div class=\"flex items-center\"><\/div>\n<\/div>\n<\/div>\n","protected":false},"excerpt":{"rendered":"<p><span style=\"font-weight: 400;\">Una emocionante expedici\u00f3n urbana por el coraz\u00f3n hist\u00f3rico de Lima. Recorreremos las bulliciosas calles de la ciudad, descubriendo joyas ocultas de ruinas antiguas enclavadas en el paisaje urbano.<\/span><\/p>","protected":false},"featured_media":850,"template":"","meta":{"_acf_changed":false},"product_brand":[],"product_cat":[40,34],"product_tag":[35],"class_list":{"0":"post-836","1":"product","2":"type-product","3":"status-publish","4":"has-post-thumbnail","6":"product_cat-full-day","7":"product_cat-urban-rides","8":"product_tag-lima","10":"first","11":"instock","12":"taxable","13":"shipping-taxable","14":"product-type-simple"},"acf":[],"jetpack_sharing_enabled":true,"_links":{"self":[{"href":"https:\/\/epicmotorides.com\/es\/wp-json\/wp\/v2\/product\/836","targetHints":{"allow":["GET"]}}],"collection":[{"href":"https:\/\/epicmotorides.com\/es\/wp-json\/wp\/v2\/product"}],"about":[{"href":"https:\/\/epicmotorides.com\/es\/wp-json\/wp\/v2\/types\/product"}],"wp:featuredmedia":[{"embeddable":true,"href":"https:\/\/epicmotorides.com\/es\/wp-json\/wp\/v2\/media\/850"}],"wp:attachment":[{"href":"https:\/\/epicmotorides.com\/es\/wp-json\/wp\/v2\/media?parent=836"}],"wp:term":[{"taxonomy":"product_brand","embeddable":true,"href":"https:\/\/epicmotorides.com\/es\/wp-json\/wp\/v2\/product_brand?post=836"},{"taxonomy":"product_cat","embeddable":true,"href":"https:\/\/epicmotorides.com\/es\/wp-json\/wp\/v2\/product_cat?post=836"},{"taxonomy":"product_tag","embeddable":true,"href":"https:\/\/epicmotorides.com\/es\/wp-json\/wp\/v2\/product_tag?post=836"}],"curies":[{"name":"wp","href":"https:\/\/api.w.org\/{rel}","templated":true}]}}